{"id":3,"date":"2025-05-23T09:59:40","date_gmt":"2025-05-23T07:59:40","guid":{"rendered":"https:\/\/anniehale.pl\/?page_id=3"},"modified":"2025-05-27T14:54:40","modified_gmt":"2025-05-27T12:54:40","slug":"polityka-prywatnosci","status":"publish","type":"page","link":"https:\/\/anniehale.pl\/en\/polityka-prywatnosci\/","title":{"rendered":"Privacy Policy"},"content":{"rendered":"<div data-elementor-type=\"wp-page\" data-elementor-id=\"3\" class=\"elementor elementor-3\" data-elementor-post-type=\"page\">\n\t\t\t\t\t\t<section class=\"elementor-section elementor-top-section elementor-element elementor-element-1c81c79 elementor-section-boxed elementor-section-height-default elementor-section-height-default\" data-id=\"1c81c79\" data-element_type=\"section\" data-e-type=\"section\" data-settings=\"{&quot;background_background&quot;:&quot;classic&quot;}\">\n\t\t\t\t\t\t\t<div class=\"elementor-background-overlay\"><\/div>\n\t\t\t\t\t\t\t<div class=\"elementor-container elementor-column-gap-default\">\n\t\t\t\t\t<div class=\"elementor-column elementor-col-100 elementor-top-column elementor-element elementor-element-06486df\" data-id=\"06486df\" data-element_type=\"column\" data-e-type=\"column\">\n\t\t\t<div class=\"elementor-widget-wrap elementor-element-populated\">\n\t\t\t\t\t\t<div class=\"elementor-element elementor-element-7098e4d elementor-widget__width-auto elementor-invisible elementor-widget elementor-widget-heading\" data-id=\"7098e4d\" data-element_type=\"widget\" data-e-type=\"widget\" data-settings=\"{&quot;_animation&quot;:&quot;fadeInLeft&quot;}\" data-widget_type=\"heading.default\">\n\t\t\t\t<div class=\"elementor-widget-container\">\n\t\t\t\t\t<h2 class=\"elementor-heading-title elementor-size-default\">Privacy Policy\u200b<\/h2>\t\t\t\t<\/div>\n\t\t\t\t<\/div>\n\t\t\t\t<section class=\"elementor-section elementor-inner-section elementor-element elementor-element-dccbbb5 elementor-section-boxed elementor-section-height-default elementor-section-height-default\" data-id=\"dccbbb5\" data-element_type=\"section\" data-e-type=\"section\">\n\t\t\t\t\t\t<div class=\"elementor-container elementor-column-gap-no\">\n\t\t\t\t\t<div class=\"elementor-column elementor-col-100 elementor-inner-column elementor-element elementor-element-7d5813a elementor-invisible\" data-id=\"7d5813a\" data-element_type=\"column\" data-e-type=\"column\" data-settings=\"{&quot;animation&quot;:&quot;fadeInDown&quot;}\">\n\t\t\t<div class=\"elementor-widget-wrap elementor-element-populated\">\n\t\t\t\t\t\t<div class=\"elementor-element elementor-element-0072e14 elementor-invisible elementor-widget elementor-widget-text-editor\" data-id=\"0072e14\" data-element_type=\"widget\" data-e-type=\"widget\" data-settings=\"{&quot;_animation&quot;:&quot;fadeIn&quot;,&quot;_animation_delay&quot;:1080}\" data-widget_type=\"text-editor.default\">\n\t\t\t\t<div class=\"elementor-widget-container\">\n\t\t\t\t\t\t\t\t\t<p>From the most remote corners of the Earth comes the fuel that makes modern life possible.<\/p>\t\t\t\t\t\t\t\t<\/div>\n\t\t\t\t<\/div>\n\t\t\t\t\t<\/div>\n\t\t<\/div>\n\t\t\t\t\t<\/div>\n\t\t<\/section>\n\t\t\t\t\t<\/div>\n\t\t<\/div>\n\t\t\t\t\t<\/div>\n\t\t<\/section>\n\t\t\t\t<section class=\"elementor-section elementor-top-section elementor-element elementor-element-fa74247 elementor-section-boxed elementor-section-height-default elementor-section-height-default\" data-id=\"fa74247\" data-element_type=\"section\" data-e-type=\"section\" data-settings=\"{&quot;background_background&quot;:&quot;classic&quot;}\">\n\t\t\t\t\t\t\t<div class=\"elementor-background-overlay\"><\/div>\n\t\t\t\t\t\t\t<div class=\"elementor-container elementor-column-gap-default\">\n\t\t\t\t\t<div class=\"elementor-column elementor-col-100 elementor-top-column elementor-element elementor-element-e814764\" data-id=\"e814764\" data-element_type=\"column\" data-e-type=\"column\">\n\t\t\t<div class=\"elementor-widget-wrap elementor-element-populated\">\n\t\t\t\t\t\t<section class=\"elementor-section elementor-inner-section elementor-element elementor-element-4647a9a elementor-section-boxed elementor-section-height-default elementor-section-height-default\" data-id=\"4647a9a\" data-element_type=\"section\" data-e-type=\"section\">\n\t\t\t\t\t\t<div class=\"elementor-container elementor-column-gap-default\">\n\t\t\t\t\t<div class=\"elementor-column elementor-col-100 elementor-inner-column elementor-element elementor-element-db1ce88\" data-id=\"db1ce88\" data-element_type=\"column\" data-e-type=\"column\">\n\t\t\t<div class=\"elementor-widget-wrap elementor-element-populated\">\n\t\t\t\t\t\t<div class=\"elementor-element elementor-element-6062812 elementor-widget elementor-widget-text-editor\" data-id=\"6062812\" data-element_type=\"widget\" data-e-type=\"widget\" data-widget_type=\"text-editor.default\">\n\t\t\t\t<div class=\"elementor-widget-container\">\n\t\t\t\t\t\t\t\t\t\n<h2 class=\"wp-block-heading\">Who we are<\/h2>\n\n<p><strong class=\"privacy-policy-tutorial\">Suggested text: <\/strong>Our website address is: https:\/\/anniehale.grupalucrum.pl.<\/p>\n\n<h2 class=\"wp-block-heading\">Comments<\/h2>\n\n<p><strong class=\"privacy-policy-tutorial\">Suggested text: <\/strong>When visitors leave comments on the site we collect the data shown in the comments form, and also the visitor&#039;s IP address and browser user agent string to help spam detection.<\/p>\n\n<p>An anonymized string created from your email address (also called a hash) may be provided to the Gravatar service to see if it is being used. The Gravatar privacy policy is available at: https:\/\/automattic.com\/privacy\/. Once you approve your comment, your profile picture is publicly visible in the context of your comment.<\/p>\n\n<h2 class=\"wp-block-heading\">Media<\/h2>\n\n<p><strong class=\"privacy-policy-tutorial\">Suggested text: <\/strong>If you are a registered user and you upload images to the site, you should avoid uploading images with EXIF location tags. Visitors to the site can download and read the full location data from images on the site.<\/p>\n\n<h2 class=\"wp-block-heading\">Cookies<\/h2>\n\n<p><strong class=\"privacy-policy-tutorial\">Suggested text: <\/strong>If you comment on the site you will have the option to save your name, email address and website in cookies so that when you comment again you have this information easily filled in. The cookies expire after one year.<\/p>\n\n<p>If you visit the login page, we will set a temporary cookie to determine if your browser accepts cookies. This cookie contains no personal data and is deleted when you close your browser.<\/p>\n\n<p>When you log in, we also set up several cookies to save your login information and your screen options choices. Login cookies expire after two days, and screen options cookies expire after a year. If you select &quot;Remember me,&quot; your login will expire after two weeks. If you log out of your account, the login cookies will be deleted.<\/p>\n\n<p>If you edit or publish an article, an additional cookie will be saved in your browser. This cookie contains no personal data and simply indicates the post ID of the article you just edited. It expires after 1 day.<\/p>\n\n<h2 class=\"wp-block-heading\">Embedded content from other sites<\/h2>\n\n<p><strong class=\"privacy-policy-tutorial\">Suggested text: <\/strong>Articles on this site may include embedded content (e.g. videos, images, articles, etc.). Embedded content from other websites behaves in the same way as if the user had visited the other website directly.<\/p>\n\n<p>These websites may collect data about you, use cookies, embed additional third-party tracking, and monitor your interaction with that embedded content, including tracking your interaction with the embedded content if you have an account and are logged in to that website.<\/p>\n\n<h2 class=\"wp-block-heading\">Who do we share data with?<\/h2>\n\n<p><strong class=\"privacy-policy-tutorial\">Suggested text: <\/strong>If you request a password reset, your IP address will be included in the message sent.<\/p>\n\n<h2 class=\"wp-block-heading\">How long do we keep your data?<\/h2>\n\n<p><strong class=\"privacy-policy-tutorial\">Suggested text: <\/strong>If you leave a comment, the comment and its metadata are retained indefinitely. This allows us to recognize and approve subsequent comments automatically without sending them to moderation every time.<\/p>\n\n<p>For users who register on our website (if any), we also store the personal information they provide in their profile. Each user can view, correct, or delete their personal information at any time (except for their username, which cannot be changed). Site administrators can also view and modify this information.<\/p>\n\n<h2 class=\"wp-block-heading\">What rights do you have to your data?<\/h2>\n\n<p><strong class=\"privacy-policy-tutorial\">Suggested text: <\/strong>If you have a user account or have left comments on this site, you can request an exported file of the personal data we hold about you, including any data you have provided. You can also request that we delete any personal data we hold about you. This does not include any data we are obliged to keep for administrative, legal or security purposes.<\/p>\n\n<h2 class=\"wp-block-heading\">Where we send your data<\/h2>\n\n<p><strong class=\"privacy-policy-tutorial\">Suggested text: <\/strong>Visitor comments may be checked through an automated spam detection service.<\/p>\n\n<p>\u00a0<\/p>\t\t\t\t\t\t\t\t<\/div>\n\t\t\t\t<\/div>\n\t\t\t\t\t<\/div>\n\t\t<\/div>\n\t\t\t\t\t<\/div>\n\t\t<\/section>\n\t\t\t\t\t<\/div>\n\t\t<\/div>\n\t\t\t\t\t<\/div>\n\t\t<\/section>\n\t\t\t\t<\/div>","protected":false},"excerpt":{"rendered":"<p>Polityka Prywatno\u015bci\u200b From the most remote corners of the Earth comes the fuel that makes modern life possible. Kim jeste\u015bmy Sugerowany tekst: Adres naszej strony internetowej to: https:\/\/anniehale.grupalucrum.pl. Komentarze Sugerowany tekst: Kiedy odwiedzaj\u0105cy witryn\u0119 zostawia komentarz, zbieramy dane widoczne w formularzu komentowania, jak i adres IP odwiedzaj\u0105cego oraz podpis jego przegl\u0105darki jako pomoc przy wykrywaniu [&hellip;]<\/p>\n","protected":false},"author":1,"featured_media":0,"parent":0,"menu_order":0,"comment_status":"closed","ping_status":"open","template":"","meta":{"footnotes":""},"class_list":["post-3","page","type-page","status-publish","hentry"],"_links":{"self":[{"href":"https:\/\/anniehale.pl\/en\/wp-json\/wp\/v2\/pages\/3","targetHints":{"allow":["GET"]}}],"collection":[{"href":"https:\/\/anniehale.pl\/en\/wp-json\/wp\/v2\/pages"}],"about":[{"href":"https:\/\/anniehale.pl\/en\/wp-json\/wp\/v2\/types\/page"}],"author":[{"embeddable":true,"href":"https:\/\/anniehale.pl\/en\/wp-json\/wp\/v2\/users\/1"}],"replies":[{"embeddable":true,"href":"https:\/\/anniehale.pl\/en\/wp-json\/wp\/v2\/comments?post=3"}],"version-history":[{"count":6,"href":"https:\/\/anniehale.pl\/en\/wp-json\/wp\/v2\/pages\/3\/revisions"}],"predecessor-version":[{"id":390,"href":"https:\/\/anniehale.pl\/en\/wp-json\/wp\/v2\/pages\/3\/revisions\/390"}],"wp:attachment":[{"href":"https:\/\/anniehale.pl\/en\/wp-json\/wp\/v2\/media?parent=3"}],"curies":[{"name":"wp","href":"https:\/\/api.w.org\/{rel}","templated":true}]}}